{"id":152,"date":"2024-08-30T12:27:38","date_gmt":"2024-08-30T15:27:38","guid":{"rendered":"https:\/\/contabilirj.com.br\/?page_id=152"},"modified":"2024-08-30T12:58:57","modified_gmt":"2024-08-30T15:58:57","slug":"site-contabili","status":"publish","type":"page","link":"https:\/\/contabilirj.com.br\/","title":{"rendered":"CONTABILI RJ"},"content":{"rendered":"\n<p style=\"font-size:clamp(16.293px, 1.018rem + ((1vw - 3.2px) * 0.907), 25px);\">Bem-vindo \u00e0 Contabili \u2013 Especialistas em Contabilidade para Empresas<\/p>\n\n\n\n<p style=\"font-size:clamp(16.293px, 1.018rem + ((1vw - 3.2px) * 0.907), 25px);\">Localizada no cora\u00e7\u00e3o do Centro de Niter\u00f3i, a Contabili Empresarial se dedica a fornecer servi\u00e7os cont\u00e1beis de excel\u00eancia para empresas.<\/p>\n\n\n\n<p style=\"font-size:clamp(16.293px, 1.018rem + ((1vw - 3.2px) * 0.907), 25px);\">Com anos de experi\u00eancia no setor, nossa equipe de profissionais altamente qualificados entende as necessidades espec\u00edficas do seu neg\u00f3cio, oferecendo solu\u00e7\u00f5es personalizadas que garantem a conformidade e a efici\u00eancia fiscal.<\/p>\n\n\n\n<div style=\"height:47px\" aria-hidden=\"true\" class=\"wp-block-spacer\"><\/div>\n\n\n\n<figure class=\"wp-block-image size-full is-resized\"><img loading=\"lazy\" decoding=\"async\" width=\"850\" height=\"226\" src=\"https:\/\/contabilirj.com.br\/wp-content\/uploads\/2024\/08\/logo-para-o-site.jpg\" alt=\"\" class=\"wp-image-32\" style=\"width:344px;height:auto\" srcset=\"https:\/\/contabilirj.com.br\/wp-content\/uploads\/2024\/08\/logo-para-o-site.jpg 850w, https:\/\/contabilirj.com.br\/wp-content\/uploads\/2024\/08\/logo-para-o-site-300x80.jpg 300w, https:\/\/contabilirj.com.br\/wp-content\/uploads\/2024\/08\/logo-para-o-site-768x204.jpg 768w\" sizes=\"auto, (max-width: 850px) 100vw, 850px\" \/><\/figure>\n\n\n\n<p style=\"font-size:clamp(16.293px, 1.018rem + ((1vw - 3.2px) * 0.907), 25px);\">Telefones:<br>21 2179-3679<br>21 2613-4528<\/p>\n\n\n\n<div style=\"height:47px\" aria-hidden=\"true\" class=\"wp-block-spacer\"><\/div>\n","protected":false},"excerpt":{"rendered":"<p>Bem-vindo \u00e0 Contabili \u2013 Especialistas em Contabilidade para Empresas Localizada no cora\u00e7\u00e3o do Centro de Niter\u00f3i, a Contabili Empresarial se dedica a fornecer servi\u00e7os cont\u00e1beis de excel\u00eancia para empresas. Com anos de experi\u00eancia no setor, nossa equipe de profissionais altamente qualificados entende as necessidades espec\u00edficas do seu neg\u00f3cio, oferecendo solu\u00e7\u00f5es personalizadas que garantem a conformidade &hellip; <\/p>\n<p class=\"link-more\"><a href=\"https:\/\/contabilirj.com.br\/\" class=\"more-link\">Leia mais<span class=\"screen-reader-text\"> &#8220;CONTABILI RJ&#8221;<\/span><\/a><\/p>\n","protected":false},"author":1,"featured_media":0,"parent":0,"menu_order":0,"comment_status":"closed","ping_status":"closed","template":"","meta":{"_joinchat":[],"footnotes":""},"class_list":["post-152","page","type-page","status-publish","hentry"],"_links":{"self":[{"href":"https:\/\/contabilirj.com.br\/index.php\/wp-json\/wp\/v2\/pages\/152","targetHints":{"allow":["GET"]}}],"collection":[{"href":"https:\/\/contabilirj.com.br\/index.php\/wp-json\/wp\/v2\/pages"}],"about":[{"href":"https:\/\/contabilirj.com.br\/index.php\/wp-json\/wp\/v2\/types\/page"}],"author":[{"embeddable":true,"href":"https:\/\/contabilirj.com.br\/index.php\/wp-json\/wp\/v2\/users\/1"}],"replies":[{"embeddable":true,"href":"https:\/\/contabilirj.com.br\/index.php\/wp-json\/wp\/v2\/comments?post=152"}],"version-history":[{"count":10,"href":"https:\/\/contabilirj.com.br\/index.php\/wp-json\/wp\/v2\/pages\/152\/revisions"}],"predecessor-version":[{"id":167,"href":"https:\/\/contabilirj.com.br\/index.php\/wp-json\/wp\/v2\/pages\/152\/revisions\/167"}],"wp:attachment":[{"href":"https:\/\/contabilirj.com.br\/index.php\/wp-json\/wp\/v2\/media?parent=152"}],"curies":[{"name":"wp","href":"https:\/\/api.w.org\/{rel}","templated":true}]}}