{"id":2,"date":"2024-08-07T22:05:35","date_gmt":"2024-08-08T01:05:35","guid":{"rendered":"https:\/\/contabilirj.com.br\/?page_id=2"},"modified":"2024-08-30T12:56:31","modified_gmt":"2024-08-30T15:56:31","slug":"pagina-exemplo","status":"publish","type":"page","link":"https:\/\/contabilirj.com.br\/index.php\/pagina-exemplo\/","title":{"rendered":"Contabili empresarial"},"content":{"rendered":"\n<p style=\"font-size:clamp(16.293px, 1.018rem + ((1vw - 3.2px) * 0.907), 25px);\">Aqui vai entrar um texto que fala da empresa. Um texto institucional da empresa. Talvez a funda\u00e7\u00e3o e caracter\u00edstica da mesma. Pode-se colocar o p\u00fablico \u00e1lvo da empresa e outras informa\u00e7\u00f5es releventes a mesma. <\/p>\n\n\n\n<p style=\"font-size:clamp(16.293px, 1.018rem + ((1vw - 3.2px) * 0.907), 25px);\">Aqui vai entrar um texto que fala da empresa. Um texto institucional da empresa. Talvez a funda\u00e7\u00e3o e caracter\u00edstica da mesma. Pode-se colocar o p\u00fablico \u00e1lvo da empresa e outras informa\u00e7\u00f5es releventes a mesma. <\/p>\n\n\n\n<p style=\"font-size:clamp(16.293px, 1.018rem + ((1vw - 3.2px) * 0.907), 25px);\">Aqui vai entrar um texto que fala da empresa. Um texto institucional da empresa. Talvez a funda\u00e7\u00e3o e caracter\u00edstica da mesma. Pode-se colocar o p\u00fablico \u00e1lvo da empresa e outras informa\u00e7\u00f5es releventes a mesma. <\/p>\n\n\n\n<p style=\"font-size:clamp(16.293px, 1.018rem + ((1vw - 3.2px) * 0.907), 25px);\">Talvez uma foto do escrit\u00f3ri<br><br>Se quiser colocar <\/p>\n\n\n\n<p style=\"font-size:clamp(16.293px, 1.018rem + ((1vw - 3.2px) * 0.907), 25px);\">Vis\u00e3o:<br>Use esse texto se quiser. N\u00e3o \u00e9 obrigado n\u00e3o!<\/p>\n\n\n\n<p style=\"font-size:clamp(16.293px, 1.018rem + ((1vw - 3.2px) * 0.907), 25px);\">Miss\u00e3o:<br>Use esse texto se quiser. N\u00e3o \u00e9 obrigado n\u00e3o!<\/p>\n\n\n\n<p style=\"font-size:clamp(16.293px, 1.018rem + ((1vw - 3.2px) * 0.907), 25px);\">Valores: <\/p>\n\n\n\n<p style=\"font-size:clamp(16.293px, 1.018rem + ((1vw - 3.2px) * 0.907), 25px);\">Use esse texto se quiser. N\u00e3o \u00e9 obrigado n\u00e3o!<\/p>\n\n\n\n<div style=\"height:100px\" aria-hidden=\"true\" class=\"wp-block-spacer\"><\/div>\n","protected":false},"excerpt":{"rendered":"<p>Aqui vai entrar um texto que fala da empresa. Um texto institucional da empresa. Talvez a funda\u00e7\u00e3o e caracter\u00edstica da mesma. Pode-se colocar o p\u00fablico \u00e1lvo da empresa e outras informa\u00e7\u00f5es releventes a mesma. Aqui vai entrar um texto que fala da empresa. Um texto institucional da empresa. Talvez a funda\u00e7\u00e3o e caracter\u00edstica da mesma. &hellip; <\/p>\n<p class=\"link-more\"><a href=\"https:\/\/contabilirj.com.br\/index.php\/pagina-exemplo\/\" class=\"more-link\">Leia mais<span class=\"screen-reader-text\"> &#8220;Contabili empresarial&#8221;<\/span><\/a><\/p>\n","protected":false},"author":1,"featured_media":0,"parent":0,"menu_order":0,"comment_status":"closed","ping_status":"open","template":"","meta":{"_joinchat":[],"footnotes":""},"class_list":["post-2","page","type-page","status-publish","hentry"],"_links":{"self":[{"href":"https:\/\/contabilirj.com.br\/index.php\/wp-json\/wp\/v2\/pages\/2","targetHints":{"allow":["GET"]}}],"collection":[{"href":"https:\/\/contabilirj.com.br\/index.php\/wp-json\/wp\/v2\/pages"}],"about":[{"href":"https:\/\/contabilirj.com.br\/index.php\/wp-json\/wp\/v2\/types\/page"}],"author":[{"embeddable":true,"href":"https:\/\/contabilirj.com.br\/index.php\/wp-json\/wp\/v2\/users\/1"}],"replies":[{"embeddable":true,"href":"https:\/\/contabilirj.com.br\/index.php\/wp-json\/wp\/v2\/comments?post=2"}],"version-history":[{"count":8,"href":"https:\/\/contabilirj.com.br\/index.php\/wp-json\/wp\/v2\/pages\/2\/revisions"}],"predecessor-version":[{"id":164,"href":"https:\/\/contabilirj.com.br\/index.php\/wp-json\/wp\/v2\/pages\/2\/revisions\/164"}],"wp:attachment":[{"href":"https:\/\/contabilirj.com.br\/index.php\/wp-json\/wp\/v2\/media?parent=2"}],"curies":[{"name":"wp","href":"https:\/\/api.w.org\/{rel}","templated":true}]}}