{"id":35,"date":"2024-08-28T08:31:47","date_gmt":"2024-08-28T11:31:47","guid":{"rendered":"https:\/\/contabilirj.com.br\/?page_id=35"},"modified":"2024-08-28T18:43:25","modified_gmt":"2024-08-28T21:43:25","slug":"nosso-servicos","status":"publish","type":"page","link":"https:\/\/contabilirj.com.br\/index.php\/nosso-servicos\/","title":{"rendered":"Nosso Servi\u00e7os"},"content":{"rendered":"\n<p class=\"has-medium-font-size\"><strong>Gest\u00e3o Cont\u00e1bil Completa: <\/strong><br>Acompanhamos todas as opera\u00e7\u00f5es financeiras da sua empresa, garantindo registros precisos e atualizados.<\/p>\n\n\n\n<p class=\"has-medium-font-size\"><strong>Consultoria Fiscal: <br><\/strong>Orientamos sobre as melhores pr\u00e1ticas tribut\u00e1rias para otimizar seus impostos e maximizar seus lucros.<br>Planejamento Financeiro: Desenvolvemos estrat\u00e9gias financeiras que promovem o crescimento sustent\u00e1vel do seu neg\u00f3cio.<\/p>\n\n\n\n<p class=\"has-medium-font-size\"><strong>Folha de Pagamento e Recursos Humanos: <br><\/strong>Gerenciamos a folha de pagamento e todos os aspectos de RH com precis\u00e3o e pontualidade.<\/p>\n\n\n\n<p class=\"has-medium-font-size\"><strong>Auditoria e Controle Interno: <br><\/strong>Implementamos sistemas de controle que asseguram a transpar\u00eancia e a seguran\u00e7a das suas opera\u00e7\u00f5es financeiras.<\/p>\n\n\n\n<p class=\"has-medium-font-size\">Na Contabili, acreditamos que a contabilidade vai al\u00e9m dos n\u00fameros. Nosso compromisso \u00e9 entender profundamente as opera\u00e7\u00f5es do seu neg\u00f3cio de transportes para oferecer solu\u00e7\u00f5es que realmente fa\u00e7am a diferen\u00e7a. Confie na nossa expertise e dedica\u00e7\u00e3o para levar a sua empresa ao pr\u00f3ximo n\u00edvel. <\/p>\n\n\n\n<p class=\"has-medium-font-size\"><strong>Muito mais do que um escrit\u00f3rio de contabilidade<\/strong><\/p>\n\n\n\n<ul class=\"wp-block-list\">\n<li>ASSESSORIA E CONSULTORIA CONT\u00c1BIL<\/li>\n\n\n\n<li>ASSESSORIA E CONSULTORIA FISCAL E TRIBUT\u00c1RIA<\/li>\n\n\n\n<li>ASSESSORIA E CONSULTORIA TRABALHISTA E PREVIDENCI\u00c1RIA<\/li>\n\n\n\n<li>ALTERA\u00c7\u00c3O CONTRATUAL<\/li>\n\n\n\n<li>ASSESSORIA E CONSULTORIA EM PROTE\u00c7\u00c3O PATRIMONIAL<\/li>\n\n\n\n<li>CONSTITUI\u00c7\u00c3O, LEGALIZA\u00c7\u00c3O E ABERTURA DE EMPRESA<\/li>\n\n\n\n<li>ASSESSORIA E CONSULTORIA TERCEIRO SETOR<\/li>\n\n\n\n<li>ENCERRAMENTO DE SOCIEDADE<\/li>\n\n\n\n<li>CERTID\u00d5ES NEGATIVAS<\/li>\n\n\n\n<li>FISCAL E TRIBUT\u00c1RIA<\/li>\n<\/ul>\n\n\n\n<p class=\"has-medium-font-size\">Entre em contato conosco hoje mesmo e descubra como podemos ajudar a transformar sua contabilidade.<\/p>\n","protected":false},"excerpt":{"rendered":"<p>Gest\u00e3o Cont\u00e1bil Completa: Acompanhamos todas as opera\u00e7\u00f5es financeiras da sua empresa, garantindo registros precisos e atualizados. Consultoria Fiscal: Orientamos sobre as melhores pr\u00e1ticas tribut\u00e1rias para otimizar seus impostos e maximizar seus lucros.Planejamento Financeiro: Desenvolvemos estrat\u00e9gias financeiras que promovem o crescimento sustent\u00e1vel do seu neg\u00f3cio. Folha de Pagamento e Recursos Humanos: Gerenciamos a folha de pagamento &hellip; <\/p>\n<p class=\"link-more\"><a href=\"https:\/\/contabilirj.com.br\/index.php\/nosso-servicos\/\" class=\"more-link\">Leia mais<span class=\"screen-reader-text\"> &#8220;Nosso Servi\u00e7os&#8221;<\/span><\/a><\/p>\n","protected":false},"author":1,"featured_media":0,"parent":0,"menu_order":0,"comment_status":"closed","ping_status":"closed","template":"","meta":{"_joinchat":[],"footnotes":""},"class_list":["post-35","page","type-page","status-publish","hentry"],"_links":{"self":[{"href":"https:\/\/contabilirj.com.br\/index.php\/wp-json\/wp\/v2\/pages\/35","targetHints":{"allow":["GET"]}}],"collection":[{"href":"https:\/\/contabilirj.com.br\/index.php\/wp-json\/wp\/v2\/pages"}],"about":[{"href":"https:\/\/contabilirj.com.br\/index.php\/wp-json\/wp\/v2\/types\/page"}],"author":[{"embeddable":true,"href":"https:\/\/contabilirj.com.br\/index.php\/wp-json\/wp\/v2\/users\/1"}],"replies":[{"embeddable":true,"href":"https:\/\/contabilirj.com.br\/index.php\/wp-json\/wp\/v2\/comments?post=35"}],"version-history":[{"count":5,"href":"https:\/\/contabilirj.com.br\/index.php\/wp-json\/wp\/v2\/pages\/35\/revisions"}],"predecessor-version":[{"id":78,"href":"https:\/\/contabilirj.com.br\/index.php\/wp-json\/wp\/v2\/pages\/35\/revisions\/78"}],"wp:attachment":[{"href":"https:\/\/contabilirj.com.br\/index.php\/wp-json\/wp\/v2\/media?parent=35"}],"curies":[{"name":"wp","href":"https:\/\/api.w.org\/{rel}","templated":true}]}}